{"id":532,"date":"2013-01-30T18:10:34","date_gmt":"2013-01-30T18:10:34","guid":{"rendered":"http:\/\/dev.umamistudios.co.uk\/lcp\/?page_id=532"},"modified":"2013-02-08T18:14:11","modified_gmt":"2013-02-08T18:14:11","slug":"privacy-policy","status":"publish","type":"page","link":"https:\/\/www.londoncentralproperties.com\/pt\/politica-de-privacidade\/","title":{"rendered":"Pol\u00edtica de Privacidade"},"content":{"rendered":"<p>Essa pol\u00edtica de privacidade regula a maneira pela qual a London Central Properties recolhe, usa, mant\u00e9m e revela a informa\u00e7\u00e3o proporcionada pelos usu\u00e1rios (a partir de agora, Usu\u00e1rio) da p\u00e1gina web <a href=\"http:\/\/www.londoncentralproperties.com\">www.londoncentralproperties.com<\/a> (a partir de agora, Web). Essa pol\u00edtica \u00e9 aplic\u00e1vel a web e aos produtos e servi\u00e7os oferecidos pela London Central Properties.  <\/p>\n<p><strong>Informa\u00e7\u00e3o pessoal<\/strong><\/p>\n<p>London Central Properties recolhe informa\u00e7\u00e3o pessoal dos usu\u00e1rios de v\u00e1rias maneiras, em rela\u00e7\u00e3o as atividades, servi\u00e7os, caracter\u00edsticas  ou recursos que est\u00e3o a disposi\u00e7\u00e3o em nossa web. Os usu\u00e1rios poder\u00e3o visitar nossa web de forma an\u00f4nima. S\u00f3 recolheremos informa\u00e7\u00e3o pessoal enviada pelos Usu\u00e1rios de forma espont\u00e2nea. Os usu\u00e1rios podem negar a entrega de informa\u00e7\u00e3o pessoal, a n\u00e3o ser que isso torne imposs\u00edvel contratar certas atividades relacionadas com a web.  <\/p>\n<p><strong>Informa\u00e7\u00e3o n\u00e3o pessoal <\/strong><\/p>\n<p>London Central Properties pode recolher, de toda forma, informa\u00e7\u00e3o n\u00e3o pessoal sobre os Usu\u00e1rios sempre que eles estejam navegando por nossa web. Essa informa\u00e7\u00e3o inclui o nome do navegador, o tipo de computador utilizado e informa\u00e7\u00e3o t\u00e9cnica sobre as formas de conex\u00e3o do Usu\u00e1rio a nossa web, como o sistema operativo, o servidor de internet utilizado e informa\u00e7\u00e3o t\u00e9cnica similar.     <\/p>\n<p><strong>Cookies<\/strong><\/p>\n<p>Nosso site poder\u00e1 usar cookies para melhorar a navega\u00e7\u00e3o. Um cookie \u00e9 uma pequena quantidade de informa\u00e7\u00e3o que se envia ao seu navegador desde um servidor web e se armazena no disco r\u00edgido do seu computador. S\u00e3o utilizados para manter um registro e para fazer um acompanhamento da informa\u00e7\u00e3o dada. O usu\u00e1rio pode configurar o seu computador para que os cookies n\u00e3o sejam aceitos, ou para ser avisado de quando os cookies sejam enviados. Caso os cookies n\u00e3o sejam aceitos, tenha em considera\u00e7\u00e3o que alguns elementos da web podem n\u00e3o funcionar corretamente.  <\/p>\n<p><strong>Compartilhar informa\u00e7\u00e3o pessoal <\/strong><\/p>\n<p>N\u00e3o vendemos, comercializamos ou alugamos informa\u00e7\u00e3o pessoal a terceiros. Informa\u00e7\u00e3o demogr\u00e1fica geral, n\u00e3o relacionada com informa\u00e7\u00e3o pessoal, sobre visitantes e usu\u00e1rios dessa web pode ser compartilhada com s\u00f3cios, afiliados ou anunciantes com os prop\u00f3sitos expostos anteriormente.  <\/p>\n<p><strong>Mudan\u00e7as na pol\u00edtica de privacidade<\/strong><\/p>\n<p>London Central Properties atualiza a sua pol\u00edtica de privacidade regularmente. Quando essas mudan\u00e7as ocorrem, atualizamos a data no rodap\u00e9 dessa p\u00e1gina. Incentivamos os Usu\u00e1rios a revisar com freq\u00fc\u00eancia este apartado para estar sempre informado sobre mudan\u00e7as executadas para proteger a informa\u00e7\u00e3o pessoal que recolhemos. O usu\u00e1rio reconhece e aceita a responsabilidade de revisar periodicamente essa pol\u00edtica de privacidade e de estar informado de suas mudan\u00e7as.    <\/p>\n<p><strong>Aceita\u00e7\u00e3o das condi\u00e7\u00f5es<\/strong><\/p>\n<p>O uso da web por parte do usu\u00e1rio, sup\u00f5e a aceita\u00e7\u00e3o das condi\u00e7\u00f5es expostas. Si voc\u00ea n\u00e3o estiver de acordo, lhe pedimos que n\u00e3o use nossa p\u00e1gina web. Se voc\u00ea continuar a navega\u00e7\u00e3o, depois que as mudan\u00e7as na pol\u00edtica de privacidade tenham sido publicadas, consideraremos que voc\u00ea aceita essas mudan\u00e7as.  <\/p>\n<p><strong>Como entrar em contado com a gente <\/strong><\/p>\n<p>No caso de alguma d\u00favida em rela\u00e7\u00e3o a nossa pol\u00edtica de privacidade, de nossas pr\u00e1ticas ou de como utilizar essa web, <a title=\"Contact us\" href=\"http:\/\/www.londoncentralproperties.com\/pt\/fale-conosco\/\">entre em contato com a gente em<\/a>.<\/p>\n<p>14\/09\/2012.<\/p>\n","protected":false},"excerpt":{"rendered":"<p>Essa pol\u00edtica de privacidade regula a maneira pela qual a London Central Properties recolhe, usa, mant\u00e9m e revela a informa\u00e7\u00e3o proporcionada pelos usu\u00e1rios (a partir de agora, Usu\u00e1rio) da p\u00e1gina web www.londoncentralproperties.com (a partir de agora, Web). Essa pol\u00edtica \u00e9 aplic\u00e1vel a web e aos produtos e servi\u00e7os oferecidos pela London Central Properties. Informa\u00e7\u00e3o pessoal&nbsp;<a href=\"https:\/\/www.londoncentralproperties.com\/pt\/politica-de-privacidade\/\" class=\"read-more\">Continue Reading<\/a><\/p>\n","protected":false},"author":2,"featured_media":0,"parent":0,"menu_order":0,"comment_status":"open","ping_status":"open","template":"page-plain.php","meta":{"footnotes":""},"class_list":["post-532","page","type-page","status-publish","hentry"],"_links":{"self":[{"href":"https:\/\/www.londoncentralproperties.com\/pt\/wp-json\/wp\/v2\/pages\/532","targetHints":{"allow":["GET"]}}],"collection":[{"href":"https:\/\/www.londoncentralproperties.com\/pt\/wp-json\/wp\/v2\/pages"}],"about":[{"href":"https:\/\/www.londoncentralproperties.com\/pt\/wp-json\/wp\/v2\/types\/page"}],"author":[{"embeddable":true,"href":"https:\/\/www.londoncentralproperties.com\/pt\/wp-json\/wp\/v2\/users\/2"}],"replies":[{"embeddable":true,"href":"https:\/\/www.londoncentralproperties.com\/pt\/wp-json\/wp\/v2\/comments?post=532"}],"version-history":[{"count":6,"href":"https:\/\/www.londoncentralproperties.com\/pt\/wp-json\/wp\/v2\/pages\/532\/revisions"}],"predecessor-version":[{"id":720,"href":"https:\/\/www.londoncentralproperties.com\/pt\/wp-json\/wp\/v2\/pages\/532\/revisions\/720"}],"wp:attachment":[{"href":"https:\/\/www.londoncentralproperties.com\/pt\/wp-json\/wp\/v2\/media?parent=532"}],"curies":[{"name":"wp","href":"https:\/\/api.w.org\/{rel}","templated":true}]}}