{"id":507,"date":"2013-01-30T17:39:38","date_gmt":"2013-01-30T17:39:38","guid":{"rendered":"http:\/\/dev.umamistudios.co.uk\/lcp\/?page_id=507"},"modified":"2013-02-08T17:41:11","modified_gmt":"2013-02-08T17:41:11","slug":"marylebone","status":"publish","type":"page","link":"https:\/\/www.londoncentralproperties.com\/pt\/areas\/marylebone\/","title":{"rendered":"<div class=\"yellow\">Marylebone<\/div>"},"content":{"rendered":"<p><img loading=\"lazy\" decoding=\"async\" src=\"http:\/\/www.londoncentralproperties.com\/wp-content\/uploads\/2013\/01\/marylebone1-300x224.jpg\" alt=\"marylebone\" width=\"300\" height=\"224\" class=\"alignleft size-medium wp-image-509\" srcset=\"https:\/\/www.londoncentralproperties.com\/wp-content\/uploads\/2013\/01\/marylebone1-300x224.jpg 300w, https:\/\/www.londoncentralproperties.com\/wp-content\/uploads\/2013\/01\/marylebone1-200x150.jpg 200w, https:\/\/www.londoncentralproperties.com\/wp-content\/uploads\/2013\/01\/marylebone1.jpg 440w\" sizes=\"auto, (max-width: 300px) 100vw, 300px\" \/>Marylebone \u00e9 um pr\u00f3spero distrito do centro de Londres, dentro do bairro Cidade de Westminster. Seu nome pode ser escrito como Marylebone ou Mary-le-bone. <\/p>\n<p>Desde das ruas comerciais elegantes e ecl\u00e9ticas que circundam Marylebone High Street at\u00e9 a mundialmente conhecida Harley Street, sede de numerosas consultas m\u00e9dicas especializadas, Marylebone \u00e9 sem d\u00favida uma das preciosidade de Londres.<\/p>\n","protected":false},"excerpt":{"rendered":"<p>Marylebone \u00e9 um pr\u00f3spero distrito do centro de Londres, dentro do bairro Cidade de Westminster. Seu nome pode ser escrito como Marylebone ou Mary-le-bone. Desde das ruas comerciais elegantes e ecl\u00e9ticas que circundam Marylebone High Street at\u00e9 a mundialmente conhecida Harley Street, sede de numerosas consultas m\u00e9dicas especializadas, Marylebone \u00e9 sem d\u00favida uma das preciosidade&nbsp;<a href=\"https:\/\/www.londoncentralproperties.com\/pt\/areas\/marylebone\/\" class=\"read-more\">Continue Reading<\/a><\/p>\n","protected":false},"author":2,"featured_media":0,"parent":455,"menu_order":0,"comment_status":"open","ping_status":"open","template":"page-plain.php","meta":{"footnotes":""},"class_list":["post-507","page","type-page","status-publish","hentry"],"_links":{"self":[{"href":"https:\/\/www.londoncentralproperties.com\/pt\/wp-json\/wp\/v2\/pages\/507","targetHints":{"allow":["GET"]}}],"collection":[{"href":"https:\/\/www.londoncentralproperties.com\/pt\/wp-json\/wp\/v2\/pages"}],"about":[{"href":"https:\/\/www.londoncentralproperties.com\/pt\/wp-json\/wp\/v2\/types\/page"}],"author":[{"embeddable":true,"href":"https:\/\/www.londoncentralproperties.com\/pt\/wp-json\/wp\/v2\/users\/2"}],"replies":[{"embeddable":true,"href":"https:\/\/www.londoncentralproperties.com\/pt\/wp-json\/wp\/v2\/comments?post=507"}],"version-history":[{"count":5,"href":"https:\/\/www.londoncentralproperties.com\/pt\/wp-json\/wp\/v2\/pages\/507\/revisions"}],"predecessor-version":[{"id":708,"href":"https:\/\/www.londoncentralproperties.com\/pt\/wp-json\/wp\/v2\/pages\/507\/revisions\/708"}],"up":[{"embeddable":true,"href":"https:\/\/www.londoncentralproperties.com\/pt\/wp-json\/wp\/v2\/pages\/455"}],"wp:attachment":[{"href":"https:\/\/www.londoncentralproperties.com\/pt\/wp-json\/wp\/v2\/media?parent=507"}],"curies":[{"name":"wp","href":"https:\/\/api.w.org\/{rel}","templated":true}]}}