{"id":532,"date":"2013-01-30T18:10:34","date_gmt":"2013-01-30T18:10:34","guid":{"rendered":"http:\/\/dev.umamistudios.co.uk\/lcp\/?page_id=532"},"modified":"2013-02-08T18:14:11","modified_gmt":"2013-02-08T18:14:11","slug":"privacy-policy","status":"publish","type":"page","link":"https:\/\/www.londoncentralproperties.com\/es\/politica-de-privacidad\/","title":{"rendered":"Pol\u00edtica de Privacidad"},"content":{"rendered":"<p>Esta pol\u00edtica de privacidad regula la manera en que London Central Properties recoge, usa, mantiene y revela la informaci\u00f3n proporcionada por los usuarios (a partir de ahora \u201cUsuario\u201d) del sitio web <a href=\"http:\/\/www.londoncentralproperties.com\">www.londoncentralproperties.com<\/a> (a partir de ahora, \u201cweb\u201d) Esta pol\u00edtica es aplicable a la web y a los productos y servicios ofrecidos por London Central Properties.<\/p>\n<p><strong>Informaci\u00f3n personal<\/strong><\/p>\n<p>London Central Properties recopila informaci\u00f3n personal de los Usuarios de formas diversas, en relaci\u00f3n con las actividades, servicios caracter\u00edsticas o recursos que se ponen a disposici\u00f3n en nuestra web. Los Usuarios podr\u00e1n visitar nuestra web de forma an\u00f3nima. \u00danicamente recopilaremos informaci\u00f3n personal de los Usuarios si voluntariamente nos env\u00edan dicha informaci\u00f3n. Los Usuarios pueden negarse a proporcionar informaci\u00f3n personal, excepto si ello les impide contratar ciertas actividades relacionados con la web.<\/p>\n<p><strong>Informaci\u00f3n no personal<\/strong><\/p>\n<p>London Central Properties puede recopilar asimismo informaci\u00f3n no personal sobre los Usuarios siempre que \u00e9stos naveguen por nuestra web. Esta informaci\u00f3n incluye nombre del navegador, el tipo de ordenador (computadora) as\u00ed como informaci\u00f3n t\u00e9cnica sobre las v\u00edas de conexi\u00f3n del Usuario con nuestra web, como el sistema operativo; el proveedor de internet utilizado e informaci\u00f3n t\u00e9cnica similar.<\/p>\n<p><strong>Cookies<\/strong><\/p>\n<p>Ser\u00e1 posible el uso de cookies para mejorar la navegaci\u00f3n. Una cookie es una peque\u00f1a cantidad de informaci\u00f3n que se env\u00eda a su navegador desde un servidor web y se almacena en el disco duro de su computadora. Las utilizamos para mantener un registro y en ocasiones para hacer seguimiento de la informaci\u00f3n provista.  El Usuario puede configurar su navegador para rechazar cookies o para avisar de cu\u00e1ndo las cookies se est\u00e1n enviando. En caso de rechazarlas, tenga en cuenta que algunos elementos de la web pueden no funcionar correctamente.<\/p>\n<p><strong>Compartir informaci\u00f3n personal<\/strong><\/p>\n<p>No vendemos, comerciamos o alquilamos informaci\u00f3n personal a terceros. Informaci\u00f3n demogr\u00e1fica general no relacionada con informaci\u00f3n personal, acerca de visitantes y usuarios de la web puede ser compartida con socios, afiliados y anunciantes con los prop\u00f3sitos expuestos arriba.<\/p>\n<p><strong>Cambios en la pol\u00edtica de privacidad<\/strong><\/p>\n<p>London Central Properties actualiza su pol\u00edtica de privacidad regularmente. Cuando as\u00ed ocurre, actualizamos asimismo la fecha al pie de esta p\u00e1gina. Animamos a los Usuarios a revisar con frecuencia este apartado y mantenerse informado de cualquier cambio que hagamos para ayudar a proteger la informaci\u00f3n personal que recopilamos. El Usuario  reconoce y acepta la responsabilidad de revisar peri\u00f3dicamente esta pol\u00edtica de privacidad y de estar al tanto de sus modificaciones.<\/p>\n<p><strong>Aceptaci\u00f3n de las condiciones<\/strong><\/p>\n<p>El uso de la web por parte del Usuario, supone la aceptaci\u00f3n de las condiciones expuestas. Si no est\u00e1 de acuerdo, le rogamos no haga uso del sitio web. En caso de continuar la navegaci\u00f3n por el mismo una vez publicados cambios en la pol\u00edtica de privacidad, consideraremos que acepta dichos cambios.<\/p>\n<p><strong>C\u00f3mo contactar con nosotros<\/strong><\/p>\n<p>En caso de dudas respecto a la pol\u00edtica de privacidad; las pr\u00e1cticas de la web o c\u00f3mo hacer uso de la misma, por favor, <a title=\"Contact us\" href=\"http:\/\/www.londoncentralproperties.com\/es\/contacto\/\">contacte con nosotros en<\/a>.<\/p>\n<p>14\/09\/2012.<\/p>\n","protected":false},"excerpt":{"rendered":"<p>Esta pol\u00edtica de privacidad regula la manera en que London Central Properties recoge, usa, mantiene y revela la informaci\u00f3n proporcionada por los usuarios (a partir de ahora \u201cUsuario\u201d) del sitio web www.londoncentralproperties.com (a partir de ahora, \u201cweb\u201d) Esta pol\u00edtica es aplicable a la web y a los productos y servicios ofrecidos por London Central Properties.&nbsp;<a href=\"https:\/\/www.londoncentralproperties.com\/es\/politica-de-privacidad\/\" class=\"read-more\">Continue Reading<\/a><\/p>\n","protected":false},"author":2,"featured_media":0,"parent":0,"menu_order":0,"comment_status":"open","ping_status":"open","template":"page-plain.php","meta":{"footnotes":""},"class_list":["post-532","page","type-page","status-publish","hentry"],"_links":{"self":[{"href":"https:\/\/www.londoncentralproperties.com\/es\/wp-json\/wp\/v2\/pages\/532","targetHints":{"allow":["GET"]}}],"collection":[{"href":"https:\/\/www.londoncentralproperties.com\/es\/wp-json\/wp\/v2\/pages"}],"about":[{"href":"https:\/\/www.londoncentralproperties.com\/es\/wp-json\/wp\/v2\/types\/page"}],"author":[{"embeddable":true,"href":"https:\/\/www.londoncentralproperties.com\/es\/wp-json\/wp\/v2\/users\/2"}],"replies":[{"embeddable":true,"href":"https:\/\/www.londoncentralproperties.com\/es\/wp-json\/wp\/v2\/comments?post=532"}],"version-history":[{"count":6,"href":"https:\/\/www.londoncentralproperties.com\/es\/wp-json\/wp\/v2\/pages\/532\/revisions"}],"predecessor-version":[{"id":720,"href":"https:\/\/www.londoncentralproperties.com\/es\/wp-json\/wp\/v2\/pages\/532\/revisions\/720"}],"wp:attachment":[{"href":"https:\/\/www.londoncentralproperties.com\/es\/wp-json\/wp\/v2\/media?parent=532"}],"curies":[{"name":"wp","href":"https:\/\/api.w.org\/{rel}","templated":true}]}}