{"id":497,"date":"2013-01-30T17:37:09","date_gmt":"2013-01-30T17:37:09","guid":{"rendered":"http:\/\/dev.umamistudios.co.uk\/lcp\/?page_id=497"},"modified":"2013-02-11T15:34:10","modified_gmt":"2013-02-11T15:34:10","slug":"fitzrovia","status":"publish","type":"page","link":"https:\/\/www.londoncentralproperties.com\/es\/areas\/fitzrovia\/","title":{"rendered":"<div class=\"yellow\">Fitzrovia<\/div>"},"content":{"rendered":"<p><img loading=\"lazy\" decoding=\"async\" src=\"http:\/\/www.londoncentralproperties.com\/wp-content\/uploads\/2013\/01\/fitzrovia2-300x224.jpg\" alt=\"fitzrovia2\" width=\"300\" height=\"224\" class=\"alignleft size-medium wp-image-500\" srcset=\"https:\/\/www.londoncentralproperties.com\/wp-content\/uploads\/2013\/01\/fitzrovia2-300x224.jpg 300w, https:\/\/www.londoncentralproperties.com\/wp-content\/uploads\/2013\/01\/fitzrovia2-200x150.jpg 200w, https:\/\/www.londoncentralproperties.com\/wp-content\/uploads\/2013\/01\/fitzrovia2.jpg 440w\" sizes=\"auto, (max-width: 300px) 100vw, 300px\" \/>Fitzroy Square es una de las m\u00e1s elegantes plazas de la ciudad, y la \u00fanica plaza londinense dise\u00f1ada por Robert Adam. Llamada as\u00ed en honor a Charles Fitzroy, 4\u00ba Duque de Grafton, que encarg\u00f3 a Adam el dise\u00f1o de las viviendas alrededor de una nueva plaza en la capital en el siglo XVIII.<\/p>\n<p>Numerosos artistas, escritores y hombres de Estado han residido aqu\u00ed. Son edificios distinguidos con una placa azul incluyendo entre ellos los que una vez ocuparon el Primer Ministro de la era victoriana, Lord Salisbury o los escritores George Bernard Shaw y Virginia Woolf, que vivi\u00f3 en el n\u00famero 29 en momentos diferentes.<\/p>\n<p>En los \u00faltimos cuarenta a\u00f1os, tanto la plaza como los jardines han sido restaurados, incluyendo el pedestal circular con balaustrada del dise\u00f1o original.<\/p>\n","protected":false},"excerpt":{"rendered":"<p>Fitzroy Square es una de las m\u00e1s elegantes plazas de la ciudad, y la \u00fanica plaza londinense dise\u00f1ada por Robert Adam. Llamada as\u00ed en honor a Charles Fitzroy, 4\u00ba Duque de Grafton, que encarg\u00f3 a Adam el dise\u00f1o de las viviendas alrededor de una nueva plaza en la capital en el siglo XVIII. Numerosos artistas,&nbsp;<a href=\"https:\/\/www.londoncentralproperties.com\/es\/areas\/fitzrovia\/\" class=\"read-more\">Continue Reading<\/a><\/p>\n","protected":false},"author":2,"featured_media":0,"parent":455,"menu_order":0,"comment_status":"open","ping_status":"open","template":"page-plain.php","meta":{"footnotes":""},"class_list":["post-497","page","type-page","status-publish","hentry"],"_links":{"self":[{"href":"https:\/\/www.londoncentralproperties.com\/es\/wp-json\/wp\/v2\/pages\/497","targetHints":{"allow":["GET"]}}],"collection":[{"href":"https:\/\/www.londoncentralproperties.com\/es\/wp-json\/wp\/v2\/pages"}],"about":[{"href":"https:\/\/www.londoncentralproperties.com\/es\/wp-json\/wp\/v2\/types\/page"}],"author":[{"embeddable":true,"href":"https:\/\/www.londoncentralproperties.com\/es\/wp-json\/wp\/v2\/users\/2"}],"replies":[{"embeddable":true,"href":"https:\/\/www.londoncentralproperties.com\/es\/wp-json\/wp\/v2\/comments?post=497"}],"version-history":[{"count":6,"href":"https:\/\/www.londoncentralproperties.com\/es\/wp-json\/wp\/v2\/pages\/497\/revisions"}],"predecessor-version":[{"id":727,"href":"https:\/\/www.londoncentralproperties.com\/es\/wp-json\/wp\/v2\/pages\/497\/revisions\/727"}],"up":[{"embeddable":true,"href":"https:\/\/www.londoncentralproperties.com\/es\/wp-json\/wp\/v2\/pages\/455"}],"wp:attachment":[{"href":"https:\/\/www.londoncentralproperties.com\/es\/wp-json\/wp\/v2\/media?parent=497"}],"curies":[{"name":"wp","href":"https:\/\/api.w.org\/{rel}","templated":true}]}}