{"id":426,"date":"2013-01-29T19:19:20","date_gmt":"2013-01-29T19:19:20","guid":{"rendered":"http:\/\/dev.umamistudios.co.uk\/lcp\/?page_id=426"},"modified":"2018-01-29T09:31:49","modified_gmt":"2018-01-29T09:31:49","slug":"home","status":"publish","type":"page","link":"https:\/\/www.londoncentralproperties.com\/es\/","title":{"rendered":"<p class=\"center\"><span class=\"yellow\">Especialistas en la adquisici\u00f3n y venta de nuevos planes residenciales<\/span><\/p>"},"content":{"rendered":"<p class=\"huge\" style=\"text-align: center;\">En London Central Properties somos especialistas en la adquisici\u00f3n y venta de nuevos planes residenciales ubicados en las principales \u00e1reas del centro de Londres. Ofrecemos un servicio \u00fanico personalizado seg\u00fan sus requerimientos para localizar el tipo exacto de propiedad tanto para vivienda particular como para compra-venta.<\/p>\n<p class=\"huge\" style=\"text-align: center;\"><strong><b>Adquisici\u00f3n de propiedades<\/b>\u00a0 \u00a0 \u00a0 \u00a0 \u00a0<b>Gesti\u00f3n de la propiedad<\/b><\/strong><\/p>\n<p class=\"huge\" style=\"text-align: center;\"><strong><b>Venta y Alquiler<\/b>\u00a0 \u00a0 \u00a0 \u00a0 \u00a0<b>Inversi\u00f3n<\/b>\u00a0 \u00a0 \u00a0 \u00a0 \u00a0<b>Especialistas en Nueva Construcci\u00f3n<\/b>\u00a0 \u00a0 \u00a0 \u00a0 \u00a0<b>Tasaciones<\/b><\/strong><\/p>\n<div style=\"margin-left: 100px\"><img loading=\"lazy\" decoding=\"async\" src=\"http:\/\/www.londoncentralproperties.com\/wp-content\/uploads\/2013\/01\/worldmap-poster.jpg\" alt=\"worldmap poster\" width=\"700\" height=\"385\" class=\"aligncenter size-full wp-image-1465\" srcset=\"https:\/\/www.londoncentralproperties.com\/wp-content\/uploads\/2013\/01\/worldmap-poster.jpg 700w, https:\/\/www.londoncentralproperties.com\/wp-content\/uploads\/2013\/01\/worldmap-poster-300x165.jpg 300w\" sizes=\"auto, (max-width: 700px) 100vw, 700px\" \/><\/div>\n<p>&nbsp;<\/p>\n<p>&nbsp;<\/p>\n<div style=\"margin: 1em auto; display: table; text-align: center; \">\n<div style=\"display: table-row;\">\n<div style=\"display: table-cell; vertical-align: bottom; padding: 0px 20px;\">\n      <img loading=\"lazy\" decoding=\"async\" src=\"http:\/\/www.londoncentralproperties.com\/wp-content\/uploads\/2013\/01\/gandhi.png\" alt=\"gandhi properties\" width=\"206\" height=\"64\" class=\"aligncenter size-full wp-image-1458\"><\/p>\n<p>  <a href=\"http:\/\/www.gandhipropertys.com\/\"><strong>http:\/\/www.gandhipropertys.com\/<\/strong><\/a><\/p>\n<p>&nbsp;<\/p>\n<\/p><\/div>\n<div style=\"display: table-cell; vertical-align: bottom; padding: 0px 20px;\">\n      <img loading=\"lazy\" decoding=\"async\" src=\"http:\/\/www.londoncentralproperties.com\/wp-content\/uploads\/2013\/01\/eco-realtors-250px.gif\" alt=\"eco-realtors-250px\" width=\"250\" height=\"134\" class=\"aligncenter size-full wp-image-1458\"><\/p>\n<p>  <a href=\"http:\/\/ecorealtorscr.com\/\"><strong>http:\/\/ecorealtorscr.com\/<\/strong><\/a><\/p>\n<p>&nbsp;<\/p>\n<\/p><\/div>\n<div style=\"display: table-cell; vertical-align: bottom; padding: 0px 20px;\">\n      <img loading=\"lazy\" decoding=\"async\" src=\"http:\/\/www.londoncentralproperties.com\/wp-content\/uploads\/2013\/01\/berlin-capital-investments-250px.jpg\" alt=\"berlin-capital-investments-250px\" width=\"250\" height=\"60\" class=\"aligncenter size-full wp-image-1645\" \/><\/p>\n<p>  <a href=\"http:\/\/www.berlin-capital.com\/en\/home\/\"><strong>http:\/\/www.berlin-capital.com\/en\/home\/<\/strong><\/a><\/p>\n<p>&nbsp;<\/p>\n<\/p><\/div>\n<\/p><\/div>\n<div style=\"display: table-row;\">\n<div style=\"display: table-cell; vertical-align: bottom; padding: 0px 20px;\">\n      <img loading=\"lazy\" decoding=\"async\" src=\"http:\/\/www.londoncentralproperties.com\/wp-content\/uploads\/2013\/01\/karltons-250px.gif\" alt=\"karltons-250px\" width=\"250\" height=\"51\" class=\"aligncenter size-full wp-image-1706\" \/><\/p>\n<p>  <a href=\"http:\/\/www.karltons.co.uk\/\"><strong>http:\/\/www.karltons.co.uk\/<\/strong><\/a><\/p>\n<p>&nbsp;<\/p>\n<\/p><\/div>\n<div style=\"display: table-cell; vertical-align: bottom; padding: 0px 20px;\">\n<img loading=\"lazy\" decoding=\"async\" src=\"http:\/\/www.londoncentralproperties.com\/wp-content\/uploads\/2013\/01\/logo_sterlingportugal-250px.jpg\" alt=\"logo_sterlingportugal-250px\" width=\"250\" height=\"142\" class=\"aligncenter size-full wp-image-1866\" \/><\/p>\n<p>  <a href=\"http:\/\/sterlingportugalproperties.com\/\"><strong>http:\/\/sterlingportugalproperties.com\/<\/strong><\/a><\/p>\n<p>&nbsp;<\/p>\n<\/p><\/div>\n<div style=\"display: table-cell; vertical-align: bottom; padding: 0px 20px;\">\n      <img loading=\"lazy\" decoding=\"async\" src=\"http:\/\/www.londoncentralproperties.com\/wp-content\/uploads\/2013\/01\/bhi-250px.jpg\" alt=\"bhi-250px\" width=\"250\" height=\"60\" class=\"aligncenter size-full wp-image-1718\" \/><\/p>\n<p>  <a href=\"http:\/\/www.beverlyhillsinteriors.net\/\"><strong>http:\/\/www.beverlyhillsinteriors.net\/<\/strong><\/a><\/p>\n<p>&nbsp;<\/p>\n<\/p><\/div>\n<\/p><\/div>\n<div style=\"display: table-row;\">\n<div style=\"display: table-cell; vertical-align: bottom; padding: 0px 20px;\">\n     <img loading=\"lazy\" decoding=\"async\" src=\"http:\/\/www.londoncentralproperties.com\/wp-content\/uploads\/2013\/01\/a1_logo.png\" alt=\"a1_logo\" width=\"152\" height=\"131\" class=\"aligncenter size-full wp-image-1796\" \/><\/p>\n<p>  <a href=\"http:\/\/www.a1yachting.com\/\"><strong>http:\/\/www.a1yachting.com\/<\/strong><\/a><\/p>\n<p>&nbsp;<\/p>\n<\/p><\/div>\n<div style=\"display: table-cell; vertical-align: bottom; padding: 0px 20px;\">\n<img loading=\"lazy\" decoding=\"async\" src=\"http:\/\/www.londoncentralproperties.com\/wp-content\/uploads\/2013\/01\/louisvelazquez-290px.jpg\" alt=\"louisvelazquez-290px\" width=\"290\" height=\"104\" class=\"aligncenter size-full wp-image-1876\" \/><\/p>\n<p>  <a href=\"http:\/\/www.louisvelazquez.com\/\"><strong>http:\/\/www.louisvelazquez.com\/<\/strong><\/a><\/p>\n<p>&nbsp;<\/p>\n<\/p><\/div>\n<div style=\"display: table-cell; vertical-align: bottom; padding: 0px 20px;\">\n   <img loading=\"lazy\" decoding=\"async\" src=\"http:\/\/www.londoncentralproperties.com\/wp-content\/uploads\/2013\/01\/lomondyachts.png\" alt=\"lomondyachts\" width=\"207\" height=\"128\" class=\"aligncenter size-full wp-image-1831\" \/><\/p>\n<p>  <a href=\"http:\/\/www.lomondyachts.com\/\"><strong>http:\/\/www.lomondyachts.com\/<\/strong><\/a><\/p>\n<p>&nbsp;<\/p>\n<\/p><\/div>\n<\/p><\/div>\n<div style=\"display: table-row;\">\n<div style=\"display: table-cell; vertical-align: bottom; padding: 0px 20px;\">\n    <\/div>\n<div style=\"display: table-cell; vertical-align: bottom; padding: 0px 20px;\">\n    <img loading=\"lazy\" decoding=\"async\" src=\"http:\/\/www.londoncentralproperties.com\/wp-content\/uploads\/2013\/01\/cotedazur-220px.jpg\" alt=\"cotedazur-220px\" width=\"220\" height=\"168\" class=\"aligncenter size-full wp-image-1877\" \/><\/p>\n<p>  <a href=\"http:\/\/www.livingonthecotedazur.com\"><strong>http:\/\/www.livingonthecotedazur.com\/<\/strong><\/a><\/p>\n<p>&nbsp;<\/p>\n<\/p><\/div>\n<div style=\"display: table-cell; vertical-align: bottom; padding: 0px 20px;\">\n    <\/div>\n<\/p><\/div>\n<\/div>\n<p><img loading=\"lazy\" decoding=\"async\" src=\"http:\/\/www.londoncentralproperties.com\/wp-content\/uploads\/2013\/01\/skyline900slim.png\" alt=\"skyline900slim\" width=\"900\" height=\"69\" class=\"aligncenter size-full wp-image-1481\" srcset=\"https:\/\/www.londoncentralproperties.com\/wp-content\/uploads\/2013\/01\/skyline900slim.png 900w, https:\/\/www.londoncentralproperties.com\/wp-content\/uploads\/2013\/01\/skyline900slim-300x23.png 300w\" sizes=\"auto, (max-width: 900px) 100vw, 900px\" \/><\/p>\n","protected":false},"excerpt":{"rendered":"<p>En London Central Properties somos especialistas en la adquisici\u00f3n y venta de nuevos planes residenciales ubicados en las principales \u00e1reas del centro de Londres. Ofrecemos un servicio \u00fanico personalizado seg\u00fan sus requerimientos para localizar el tipo exacto de propiedad tanto para vivienda particular como para compra-venta. Adquisici\u00f3n de propiedades\u00a0 \u00a0 \u00a0 \u00a0 \u00a0Gesti\u00f3n de la&nbsp;<a href=\"https:\/\/www.londoncentralproperties.com\/es\/\" class=\"read-more\">Continue Reading<\/a><\/p>\n","protected":false},"author":2,"featured_media":0,"parent":0,"menu_order":0,"comment_status":"open","ping_status":"open","template":"page-plain.php","meta":{"footnotes":""},"class_list":["post-426","page","type-page","status-publish","hentry"],"_links":{"self":[{"href":"https:\/\/www.londoncentralproperties.com\/es\/wp-json\/wp\/v2\/pages\/426","targetHints":{"allow":["GET"]}}],"collection":[{"href":"https:\/\/www.londoncentralproperties.com\/es\/wp-json\/wp\/v2\/pages"}],"about":[{"href":"https:\/\/www.londoncentralproperties.com\/es\/wp-json\/wp\/v2\/types\/page"}],"author":[{"embeddable":true,"href":"https:\/\/www.londoncentralproperties.com\/es\/wp-json\/wp\/v2\/users\/2"}],"replies":[{"embeddable":true,"href":"https:\/\/www.londoncentralproperties.com\/es\/wp-json\/wp\/v2\/comments?post=426"}],"version-history":[{"count":121,"href":"https:\/\/www.londoncentralproperties.com\/es\/wp-json\/wp\/v2\/pages\/426\/revisions"}],"predecessor-version":[{"id":1894,"href":"https:\/\/www.londoncentralproperties.com\/es\/wp-json\/wp\/v2\/pages\/426\/revisions\/1894"}],"wp:attachment":[{"href":"https:\/\/www.londoncentralproperties.com\/es\/wp-json\/wp\/v2\/media?parent=426"}],"curies":[{"name":"wp","href":"https:\/\/api.w.org\/{rel}","templated":true}]}}